{"id":59,"date":"2017-04-11T20:29:46","date_gmt":"2017-04-11T18:29:46","guid":{"rendered":"http:\/\/blog.zusi-team-sued.de\/?page_id=59"},"modified":"2017-04-17T15:29:32","modified_gmt":"2017-04-17T13:29:32","slug":"forum","status":"publish","type":"page","link":"https:\/\/www.zusi-team-sued.de\/?page_id=59","title":{"rendered":"Forum"},"content":{"rendered":"<p>F\u00fcr Fragen, Diskussionen et cetera steht unser Forum zur Verf\u00fcgung:<\/p>\n<p><a href=\"https:\/\/forum.zusi-team-sued.de\/\" target=\"_blank\">Das Forum zum Streckenbauprojekt Augsburg-Donauw\u00f6rth<\/a><\/p>\n<p>&nbsp;<\/p>\n","protected":false},"excerpt":{"rendered":"<p>F\u00fcr Fragen, Diskussionen et cetera steht unser Forum zur Verf\u00fcgung: Das Forum zum Streckenbauprojekt Augsburg-Donauw\u00f6rth &nbsp;<\/p>\n<div class=\"read-more-wrapper\"><a class=\"read-more\" href=\"https:\/\/www.zusi-team-sued.de\/?page_id=59\" title=\"Read More\"> <span class=\"button default\">Read More<\/span><\/a><\/div>\n","protected":false},"author":3,"featured_media":0,"parent":0,"menu_order":99,"comment_status":"closed","ping_status":"closed","template":"","meta":{"footnotes":""},"class_list":["post-59","page","type-page","status-publish","hentry"],"_links":{"self":[{"href":"https:\/\/www.zusi-team-sued.de\/index.php?rest_route=\/wp\/v2\/pages\/59","targetHints":{"allow":["GET"]}}],"collection":[{"href":"https:\/\/www.zusi-team-sued.de\/index.php?rest_route=\/wp\/v2\/pages"}],"about":[{"href":"https:\/\/www.zusi-team-sued.de\/index.php?rest_route=\/wp\/v2\/types\/page"}],"author":[{"embeddable":true,"href":"https:\/\/www.zusi-team-sued.de\/index.php?rest_route=\/wp\/v2\/users\/3"}],"replies":[{"embeddable":true,"href":"https:\/\/www.zusi-team-sued.de\/index.php?rest_route=%2Fwp%2Fv2%2Fcomments&post=59"}],"version-history":[{"count":0,"href":"https:\/\/www.zusi-team-sued.de\/index.php?rest_route=\/wp\/v2\/pages\/59\/revisions"}],"wp:attachment":[{"href":"https:\/\/www.zusi-team-sued.de\/index.php?rest_route=%2Fwp%2Fv2%2Fmedia&parent=59"}],"curies":[{"name":"wp","href":"https:\/\/api.w.org\/{rel}","templated":true}]}}