{"id":31,"date":"2017-04-03T20:01:47","date_gmt":"2017-04-03T18:01:47","guid":{"rendered":"http:\/\/blog.zusi-team-sued.de\/?page_id=31"},"modified":"2021-02-21T21:56:15","modified_gmt":"2021-02-21T20:56:15","slug":"fahrleitung","status":"publish","type":"page","link":"https:\/\/www.zusi-team-sued.de\/?page_id=31","title":{"rendered":"Fahrleitung"},"content":{"rendered":"<p>Auch wenn der Blick des Lokf\u00fchrers nicht in erster Linie auf die Fahrleitung geht &#8211; so ist eine vorbildgerecht wirkende Fahrleitung doch wichtig f\u00fcr einen realistischen Streckennachbau.<\/p>\n<p>Unsere Vorbildstrecke wurde bereits 1935 von der Deutschen Reichsbahn elektrifiziert. Bis heute stehen hier fast komplett die Original-Fahrleitungsmasten aus 1935. Mehrfach modernisiert wurden jedoch die Ausleger und das Kettenwerk, um die Fahrleitungsanlage an die steigende Streckenh\u00f6chstgeschwindigkeit, die seit Ende der 1970er-Jahre 200 km\/h, und mit der Einf\u00fchrung der Neubaustrecken in den 90er Jahren sogar dar\u00fcber betr\u00e4gt, anzupassen.<\/p>\n<p>So findet man heute in der Regel folgende Kettenwerke vor:<\/p>\n<ul>\n<li>Re100 (Re75) &#8211; Einfachbespannung, wird nicht mehr verbaut<\/li>\n<li>Re160 &#8211; lange Zeit das Standardkettenwerk, wird nicht mehr verbaut<\/li>\n<li>Re200 (Re200mod) &#8211; das aktuelle Standardkettenwerk<\/li>\n<li>Re250 und Re330 &#8211; das Standardkettenwerk f\u00fcr die Neubaustrecken<\/li>\n<\/ul>\n<p>Die Kettenwerke unterscheiden sich in ihrer Konstruktion hinsichtlich Steifheit und Druckfestigkeit, da die Stromabnehmer der Loks bei h\u00f6heren Geschwindigkeiten einen zunehmend h\u00f6heren Anpressdruck ben\u00f6tigen. Daher sind die modernen Kettenwerke auch deutlich fester verspannt.<\/p>\n<p>Wir r\u00fcsten gerade unsere Strecke St\u00fcck f\u00fcr St\u00fcck mit dem korrekten Kettenwerk Re200 nach.<\/p>\n<p>Der sog. <em>Reichsbahnmast<\/em> zeichnet sich gegen\u00fcber dem <em>Bundesbahn-Flachmast<\/em> dadurch aus, dass seine Streben schr\u00e4g im Mast verlaufen. Der Bundesbahn-Flachmast dagegen hat Querstreben. Eines der ersten Objekte das bei uns entstand war der Reichsbahnmast. Er ist inzwischen bei uns in vielfacher Ausfertigung eingebaut und in dem offiziellen Zusi-Bestand beheimatet.<\/p>\n<p>War die Standardbespannung von umfangreichen Bahnanlagen in Bahnh\u00f6fen lange Zeit mit den gleis\u00fcbergreifenden Quertragwerken verbunden, so wird aus Gr\u00fcnden der Betriebssicherheit zunehmend darauf verzichtet und die Bespannung erfolgt &#8218;aufgel\u00f6st&#8216;, d.h., wie an der freien Strecke auch mit Einzelmasten und Mehrfachst\u00fctzpunkten. Ein gutes Beispiel f\u00fcr den Wandel stellt der Augsburger Hbf dar. Auf Grund umfangreicher Bauarbeiten f\u00fcr die Stadtbahnunterquerung und der grundlegenden Sanierung der gesamten Gleisanlagen ist der Wandel in unserem Modell gut zu sehen.<\/p>\n<p>Fahrleitungsbau passiert im 3D-Editor. Hilfreich sind hier gute Vorbildfotos oder Videos von F\u00fchrerstandsmitfahrten um die verschiedenen Bauarten zuordnen zu k\u00f6nnen. Wei\u00df man was man will, ist alles weitere in der Regel sehr einfach. Zusi hat hier gute und hilfreiche Funktionen.<\/p>\n<p>&nbsp;<\/p>\n<p>&nbsp;<\/p>\n","protected":false},"excerpt":{"rendered":"<p>Auch wenn der Blick des Lokf\u00fchrers nicht in erster Linie auf die Fahrleitung geht &#8211; so ist eine vorbildgerecht wirkende Fahrleitung doch wichtig f\u00fcr einen realistischen Streckennachbau. Unsere Vorbildstrecke wurde bereits 1935 von der Deutschen Reichsbahn elektrifiziert. Bis heute stehen hier fast komplett die Original-Fahrleitungsmasten aus 1935. Mehrfach modernisiert wurden jedoch die Ausleger und das<\/p>\n<div class=\"read-more-wrapper\"><a class=\"read-more\" href=\"https:\/\/www.zusi-team-sued.de\/?page_id=31\" title=\"Read More\"> <span class=\"button default\">Read More<\/span><\/a><\/div>\n","protected":false},"author":3,"featured_media":0,"parent":26,"menu_order":0,"comment_status":"closed","ping_status":"closed","template":"","meta":{"footnotes":""},"class_list":["post-31","page","type-page","status-publish","hentry"],"_links":{"self":[{"href":"https:\/\/www.zusi-team-sued.de\/index.php?rest_route=\/wp\/v2\/pages\/31","targetHints":{"allow":["GET"]}}],"collection":[{"href":"https:\/\/www.zusi-team-sued.de\/index.php?rest_route=\/wp\/v2\/pages"}],"about":[{"href":"https:\/\/www.zusi-team-sued.de\/index.php?rest_route=\/wp\/v2\/types\/page"}],"author":[{"embeddable":true,"href":"https:\/\/www.zusi-team-sued.de\/index.php?rest_route=\/wp\/v2\/users\/3"}],"replies":[{"embeddable":true,"href":"https:\/\/www.zusi-team-sued.de\/index.php?rest_route=%2Fwp%2Fv2%2Fcomments&post=31"}],"version-history":[{"count":0,"href":"https:\/\/www.zusi-team-sued.de\/index.php?rest_route=\/wp\/v2\/pages\/31\/revisions"}],"up":[{"embeddable":true,"href":"https:\/\/www.zusi-team-sued.de\/index.php?rest_route=\/wp\/v2\/pages\/26"}],"wp:attachment":[{"href":"https:\/\/www.zusi-team-sued.de\/index.php?rest_route=%2Fwp%2Fv2%2Fmedia&parent=31"}],"curies":[{"name":"wp","href":"https:\/\/api.w.org\/{rel}","templated":true}]}}