{"id":26,"date":"2017-04-03T19:38:44","date_gmt":"2017-04-03T17:38:44","guid":{"rendered":"http:\/\/blog.zusi-team-sued.de\/?page_id=26"},"modified":"2017-04-17T15:29:19","modified_gmt":"2017-04-17T13:29:19","slug":"fachbereiche","status":"publish","type":"page","link":"https:\/\/www.zusi-team-sued.de\/?page_id=26","title":{"rendered":"Fachbereiche"},"content":{"rendered":"<p>Ein Zusi-Streckenbauprojekt birgt vielf\u00e4ltige Aufgaben in sich. Am Anfang steht das Erstellen des Gleisplans, am Schluss kleine Landschaftsdetails. Die Arbeit in unserem Team ist aufgeteilt, jeder arbeitet soweit wie m\u00f6glich in den Aufgabengebieten, die ihm liegen. Es ist aber nicht so, dass jeder ein Thema alleine bearbeitet, f\u00fcr manche Aufgaben haben wir mehrere im Team, z.B. weil sie mengenm\u00e4\u00dfig in viel gr\u00f6\u00dferem Umfang anfallen.<\/p>\n<p>Auf den folgenden Unterseiten stellen wir Euch die Aufgabenbereiche ein bisschen vor.<\/p>\n","protected":false},"excerpt":{"rendered":"<p>Ein Zusi-Streckenbauprojekt birgt vielf\u00e4ltige Aufgaben in sich. Am Anfang steht das Erstellen des Gleisplans, am Schluss kleine Landschaftsdetails. Die Arbeit in unserem Team ist aufgeteilt, jeder arbeitet soweit wie m\u00f6glich in den Aufgabengebieten, die ihm liegen. Es ist aber nicht so, dass jeder ein Thema alleine bearbeitet, f\u00fcr manche Aufgaben haben wir mehrere im Team,<\/p>\n<div class=\"read-more-wrapper\"><a class=\"read-more\" href=\"https:\/\/www.zusi-team-sued.de\/?page_id=26\" title=\"Read More\"> <span class=\"button default\">Read More<\/span><\/a><\/div>\n","protected":false},"author":3,"featured_media":0,"parent":0,"menu_order":2,"comment_status":"closed","ping_status":"closed","template":"","meta":{"footnotes":""},"class_list":["post-26","page","type-page","status-publish","hentry"],"_links":{"self":[{"href":"https:\/\/www.zusi-team-sued.de\/index.php?rest_route=\/wp\/v2\/pages\/26","targetHints":{"allow":["GET"]}}],"collection":[{"href":"https:\/\/www.zusi-team-sued.de\/index.php?rest_route=\/wp\/v2\/pages"}],"about":[{"href":"https:\/\/www.zusi-team-sued.de\/index.php?rest_route=\/wp\/v2\/types\/page"}],"author":[{"embeddable":true,"href":"https:\/\/www.zusi-team-sued.de\/index.php?rest_route=\/wp\/v2\/users\/3"}],"replies":[{"embeddable":true,"href":"https:\/\/www.zusi-team-sued.de\/index.php?rest_route=%2Fwp%2Fv2%2Fcomments&post=26"}],"version-history":[{"count":0,"href":"https:\/\/www.zusi-team-sued.de\/index.php?rest_route=\/wp\/v2\/pages\/26\/revisions"}],"wp:attachment":[{"href":"https:\/\/www.zusi-team-sued.de\/index.php?rest_route=%2Fwp%2Fv2%2Fmedia&parent=26"}],"curies":[{"name":"wp","href":"https:\/\/api.w.org\/{rel}","templated":true}]}}