{"id":2,"date":"2016-05-10T03:48:21","date_gmt":"2016-05-10T03:48:21","guid":{"rendered":"http:\/\/blog.zusi-team-sued.de\/?page_id=2"},"modified":"2026-03-07T07:39:28","modified_gmt":"2026-03-07T06:39:28","slug":"sample_page","status":"publish","type":"page","link":"https:\/\/www.zusi-team-sued.de\/?page_id=2","title":{"rendered":"Unser Projekt (Stand M\u00e4rz 2026)"},"content":{"rendered":"<p>Wir sind ein Team von mehreren Begeisterten des Bahnsimulators Zusi 3 und haben uns erst mal den Nachbau der Strecke Augsburg &#8211; Donauw\u00f6rth f\u00fcr Zusi vorgenommen. Auf diesem Blog berichten wir \u00fcber den Baufortschritt. Alle Informationen zum Programm Zusi 3 selbst gibt es auf der Programmhomepage <a href=\"https:\/\/www.zusi.de\" target=\"_blank\" rel=\"noopener\">zusi.de<\/a> und im offiziellen <a href=\"https:\/\/forum.zusi.de\/index.php\" target=\"_blank\" rel=\"noopener\">Zusi-Forum<\/a>.<\/p>\n<p>Die Strecke Augsburg &#8211; Donauw\u00f6rth ist eine zweigleisige elektrifizierte Hauptbahn im bayerischen Regierungsbezirk Schwaben, die im Mischbetrieb befahren wird. Extrem abwechslungsreich ist dementsprechend die Zugfolge beim Vorbild: ICE und IC des Fernverkehrs, Z\u00fcge des Regionalverkehrs in dichtem Takt, zahlreiche oft internationale Ferng\u00fcterz\u00fcge und lokaler G\u00fcterverkehr wechseln sich ab. Die Streckenh\u00f6chstgeschwindigkeit betr\u00e4gt au\u00dferhalb von Augsburg und Donauw\u00f6rth durchgehend 200 km\/h. Als Zugsicherungssystem ist deshalb neben der PZB auch die LZB verbaut. Etwas anderes macht die Strecke aber wirklich einmalig: Sie ist die einzige Strecke in Deutschland, bei der das <a href=\"https:\/\/de.wikipedia.org\/wiki\/Sk-Signalsystem\" target=\"_blank\" rel=\"noopener\">Sk-Signalsystem<\/a> verbaut ist. Hierbei handelt es sich um ein Versuchssignalsystem aus den 1970er-Jahren, quasi ein Vorl\u00e4ufer der modernen Ks-Signale.<\/p>\n<p><a href=\"https:\/\/blog.zusi-team-sued.de\/wp-content\/uploads\/2017\/04\/P1120220-1.jpg\"><img loading=\"lazy\" decoding=\"async\" class=\"wp-image-49 size-full aligncenter\" src=\"https:\/\/blog.zusi-team-sued.de\/wp-content\/uploads\/2017\/04\/P1120220-1.jpg\" alt=\"\" width=\"800\" height=\"600\" srcset=\"https:\/\/blog.zusi-team-sued.de\/wp-content\/uploads\/2017\/04\/P1120220-1.jpg 800w, https:\/\/blog.zusi-team-sued.de\/wp-content\/uploads\/2017\/04\/P1120220-1-300x225.jpg 300w, https:\/\/blog.zusi-team-sued.de\/wp-content\/uploads\/2017\/04\/P1120220-1-768x576.jpg 768w, https:\/\/blog.zusi-team-sued.de\/wp-content\/uploads\/2017\/04\/P1120220-1-600x450.jpg 600w\" sizes=\"auto, (max-width: 800px) 100vw, 800px\" \/><\/a><\/p>\n<p>Wir bilden den Zustand der 1990er-Jahre nach. Daf\u00fcr sprach nach unserer Meinung, dass damals noch mehr Nebengleise vorhanden waren, die Gewerbegebiete entlang der Strecke noch kleiner waren (was uns die Arbeit erheblich vereinfacht) und sonst aber relativ wenig gegen\u00fcber dem heutigen Zustand anders war. Damit ergibt sich nach unserer Meinung ein gutes Verh\u00e4ltnis von Aufwand zum Streckenbau und potentiellem Spielspa\u00df. Zudem sind Informationen, wie alles damals ausgeschaut hat, noch relativ gut zu beschaffen.<\/p>\n<p>Vorgesehen sind folgende Module (von S\u00fcd nach Nord; in Klammern ist der Status angegeben):<\/p>\n<div id=\"attachment_145\" style=\"width: 386px\" class=\"wp-caption alignright\"><a href=\"https:\/\/blog.zusi-team-sued.de\/wp-content\/uploads\/2016\/05\/karte.jpg\"><img loading=\"lazy\" decoding=\"async\" aria-describedby=\"caption-attachment-145\" class=\"wp-image-145\" src=\"https:\/\/blog.zusi-team-sued.de\/wp-content\/uploads\/2016\/05\/karte.jpg\" alt=\"\" width=\"376\" height=\"392\" srcset=\"https:\/\/blog.zusi-team-sued.de\/wp-content\/uploads\/2016\/05\/karte.jpg 832w, https:\/\/blog.zusi-team-sued.de\/wp-content\/uploads\/2016\/05\/karte-288x300.jpg 288w, https:\/\/blog.zusi-team-sued.de\/wp-content\/uploads\/2016\/05\/karte-768x800.jpg 768w, https:\/\/blog.zusi-team-sued.de\/wp-content\/uploads\/2016\/05\/karte-600x625.jpg 600w\" sizes=\"auto, (max-width: 376px) 100vw, 376px\" \/><\/a><p id=\"caption-attachment-145\" class=\"wp-caption-text\">Quelle: Amtliches Kursbuch Nordbayern Winter 1978\/79.<\/p><\/div>\n<ul>\n<li>Augsburg-S\u00fcd ( in Bau )<\/li>\n<li><strong><a style=\"color: #339966;\" href=\"https:\/\/www.zusi-team-sued.de\/?p=1373\" target=\"_blank\" rel=\"noopener\">Augsburg-Hauptbahnhof<\/a><\/strong> (<span style=\"color: #ff0000;\"><span style=\"color: #000000;\">Fertiggestellt 12\/2025)<\/span><\/span><\/li>\n<li><strong><a style=\"color: #339966;\" href=\"https:\/\/www.zusi-team-sued.de\/?p=939\" target=\"_blank\" rel=\"noopener\">Augsburg-Oberhausen<\/a><\/strong> (<span style=\"color: #ff0000;\"><span style=\"color: #000000;\">Fertiggestellt 2\/2022)<\/span><\/span><\/li>\n<li><strong><a style=\"color: #339966;\" href=\"https:\/\/www.zusi-team-sued.de\/?p=538\" target=\"_blank\" rel=\"noopener\">Au-Hirblinger Stra\u00dfe<\/a><\/strong> (<span style=\"color: #ff0000;\"><span style=\"color: #000000;\">Fertiggestellt 8\/2020)<\/span><\/span><\/li>\n<li><strong><span style=\"color: #339966;\"><a style=\"color: #339966;\" href=\"https:\/\/blog.zusi-team-sued.de\/?cat=4\" target=\"_blank\" rel=\"noopener\">Gersthofen<\/a><\/span><\/strong> (<span style=\"color: #ff0000;\"><span style=\"color: #000000;\">Fertiggestellt 11\/2017<\/span><\/span>)<\/li>\n<li><strong><span style=\"color: #339966;\"><a style=\"color: #339966;\" href=\"https:\/\/www.zusi-team-sued.de\/?p=212\">Gablingen<\/a><\/span><\/strong> (<span style=\"color: #ff0000;\"><span style=\"color: #000000;\">Fertiggestellt 5\/2018<\/span><\/span>)<\/li>\n<li><span style=\"color: #339966;\"><strong><a style=\"color: #339966;\" href=\"https:\/\/blog.zusi-team-sued.de\/?p=340\" target=\"_blank\" rel=\"noopener\">Langweid (Lech)<\/a><\/strong> <\/span><span style=\"color: #000000;\">(Fertiggestellt 5\/2018)<\/span><\/li>\n<li><strong><a style=\"color: #339966;\" href=\"https:\/\/blog.zusi-team-sued.de\/?p=340\" target=\"_blank\" rel=\"noopener\">Herbertshofen<\/a><\/strong> <span style=\"color: #000000;\">(Fertiggestellt 6\/2018)<\/span><\/li>\n<li><strong><a style=\"color: #339966;\" href=\"https:\/\/www.zusi-team-sued.de\/?p=495\" target=\"_blank\" rel=\"noopener\">Meitingen<\/a><\/strong> (<span style=\"color: #ff0000;\"><span style=\"color: #000000;\">Fertiggestellt 7\/2019<\/span><\/span>)<\/li>\n<li><strong><a style=\"color: #339966;\" href=\"https:\/\/www.zusi-team-sued.de\/?p=706\" target=\"_blank\" rel=\"noopener\">Westendorf<\/a><\/strong> (<span style=\"color: #ff0000;\"><span style=\"color: #000000;\">Fertiggestellt 7\/2019<\/span><\/span>)<\/li>\n<li><strong><a style=\"color: #339966;\" href=\"https:\/\/www.zusi-team-sued.de\/?p=817\" target=\"_blank\" rel=\"noopener\">Nordendorf<\/a><\/strong> (<span style=\"color: #ff0000;\"><span style=\"color: #000000;\">Fertiggestellt 8\/2020)<\/span><\/span><\/li>\n<li><strong><a style=\"color: #339966;\" href=\"https:\/\/www.zusi-team-sued.de\/?p=1034\" target=\"_blank\" rel=\"noopener\">Mertingen Bahnhof<\/a><\/strong> (<span style=\"color: #ff0000;\"><span style=\"color: #000000;\">Fertiggestellt 2\/2022)<\/span><\/span><\/li>\n<li><span style=\"color: #38c29f;\">B\u00e4umenheim<\/span> ( Fertiggestellt 1\/2025 )<\/li>\n<li>Donauw\u00f6rth ( in Bau )<\/li>\n<\/ul>\n<h6>Stand: 3\/2026<\/h6>\n","protected":false},"excerpt":{"rendered":"<p>Wir sind ein Team von mehreren Begeisterten des Bahnsimulators Zusi 3 und haben uns erst mal den Nachbau der Strecke Augsburg &#8211; Donauw\u00f6rth f\u00fcr Zusi vorgenommen. Auf diesem Blog berichten wir \u00fcber den Baufortschritt. Alle Informationen zum Programm Zusi 3 selbst gibt es auf der Programmhomepage zusi.de und im offiziellen Zusi-Forum. Die Strecke Augsburg &#8211;<\/p>\n<div class=\"read-more-wrapper\"><a class=\"read-more\" href=\"https:\/\/www.zusi-team-sued.de\/?page_id=2\" title=\"Read More\"> <span class=\"button default\">Read More<\/span><\/a><\/div>\n","protected":false},"author":1,"featured_media":0,"parent":0,"menu_order":0,"comment_status":"closed","ping_status":"open","template":"","meta":{"footnotes":""},"class_list":["post-2","page","type-page","status-publish","hentry"],"_links":{"self":[{"href":"https:\/\/www.zusi-team-sued.de\/index.php?rest_route=\/wp\/v2\/pages\/2","targetHints":{"allow":["GET"]}}],"collection":[{"href":"https:\/\/www.zusi-team-sued.de\/index.php?rest_route=\/wp\/v2\/pages"}],"about":[{"href":"https:\/\/www.zusi-team-sued.de\/index.php?rest_route=\/wp\/v2\/types\/page"}],"author":[{"embeddable":true,"href":"https:\/\/www.zusi-team-sued.de\/index.php?rest_route=\/wp\/v2\/users\/1"}],"replies":[{"embeddable":true,"href":"https:\/\/www.zusi-team-sued.de\/index.php?rest_route=%2Fwp%2Fv2%2Fcomments&post=2"}],"version-history":[{"count":9,"href":"https:\/\/www.zusi-team-sued.de\/index.php?rest_route=\/wp\/v2\/pages\/2\/revisions"}],"predecessor-version":[{"id":1535,"href":"https:\/\/www.zusi-team-sued.de\/index.php?rest_route=\/wp\/v2\/pages\/2\/revisions\/1535"}],"wp:attachment":[{"href":"https:\/\/www.zusi-team-sued.de\/index.php?rest_route=%2Fwp%2Fv2%2Fmedia&parent=2"}],"curies":[{"name":"wp","href":"https:\/\/api.w.org\/{rel}","templated":true}]}}