{"id":152,"date":"2017-05-01T21:44:26","date_gmt":"2017-05-01T19:44:26","guid":{"rendered":"http:\/\/blog.zusi-team-sued.de\/?page_id=152"},"modified":"2021-01-31T21:36:34","modified_gmt":"2021-01-31T20:36:34","slug":"objektbau","status":"publish","type":"page","link":"https:\/\/www.zusi-team-sued.de\/?page_id=152","title":{"rendered":"Objektbau"},"content":{"rendered":"<p>Was w\u00e4re Paris ohne den Eiffelturm, Berlin ohne das Brandenburger Tor, Augsburg ohne den Hotelturm? Eine Stadt wie jede andere! F\u00fcr einen realistisch wirkenden Simulatorstreckennachbau ist es deshalb unabdingbar alle &#8222;pr\u00e4genden&#8220; Geb\u00e4ude im Sichtfeld des Lokf\u00fchrers vorbildgetreu abzubilden. Ein guter Eindruck entsteht, wenn man das Vorbild im Nachbau sofort wieder erkennt. Objektbau ist wohl mit das zeitaufw\u00e4ndigste an einem Streckenbauprojekt. Und das obwohl man doch bei dem ein- oder anderen Wohngeb\u00e4ude auf ein bereits vorhandenes Geb\u00e4ude zur\u00fcckgreifen kann und eigentlich auch wirklich nur die direkt eintlang dem Gleis stehenden Geb\u00e4ude nachzubauen sind. Aber der Aufwand lohnt!<\/p>\n<p>Grundlage f\u00fcr den Objektbau sind Fotos vom Vorbild. Erstellt werden die Geb\u00e4ude mit einem 3D-Konstruktionsprogramm, wie z.B. Skechtup oder Blender. Restarbeiten erfolgen dann im Zusi-3D-Editor.<\/p>\n<p>&nbsp;<\/p>\n<h3 class=\"title page-title\" style=\"text-align: left;\">Team-S\u00fcd Objektgalerie<\/h3>\n<style type=\"text\/css\">\n#foogallery-gallery-1379 .fg-image { width: 100px; }\n#foogallery-gallery-1379 { --fg-gutter: 10px; }<\/style>\n\t\t\t<style type=\"text\/css\">\n#foogallery-gallery-1379_1 .fg-image { width: 100px; }\n#foogallery-gallery-1379_1 { --fg-gutter: 10px; }<\/style>\n\t\t\t<div class=\"foogallery foogallery-container foogallery-default foogallery-lightbox-foobox fg-center fg-default fg-ready fg-light fg-border-thin fg-shadow-outline fg-loading-default fg-loaded-fade-in fg-caption-hover fg-hover-fade fg-hover-zoom\" id=\"foogallery-gallery-1379_1\" data-foogallery=\"{&quot;item&quot;:{&quot;showCaptionTitle&quot;:true,&quot;showCaptionDescription&quot;:true},&quot;lazy&quot;:true}\" style=\"--fg-title-line-clamp: 0; --fg-description-line-clamp: 0;\" >\n\t<div class=\"fg-item fg-type-image fg-idle\"><figure class=\"fg-item-inner\"><a href=\"https:\/\/blog.zusi-team-sued.de\/wp-content\/uploads\/2021\/01\/hbf5.jpg\" data-caption-title=\"Zentralstellwerk in Augsburg Hbf\" data-attachment-id=\"1380\" data-type=\"image\" class=\"fg-thumb\"><span class=\"fg-image-wrap\"><img decoding=\"async\" title=\"Zentralstellwerk in Augsburg Hbf\" width=\"100\" height=\"100\" class=\"skip-lazy fg-image\" data-src-fg=\"https:\/\/blog.zusi-team-sued.de\/wp-content\/uploads\/cache\/2021\/01\/hbf5\/946679726.jpg\" data-srcset-fg=\"https:\/\/blog.zusi-team-sued.de\/wp-content\/uploads\/cache\/2021\/01\/hbf5\/2943935030.jpg 2x\" src=\"data:image\/svg+xml,%3Csvg%20xmlns%3D%22http%3A%2F%2Fwww.w3.org%2F2000%2Fsvg%22%20width%3D%22100%22%20height%3D%22100%22%20viewBox%3D%220%200%20100%20100%22%3E%3C%2Fsvg%3E\" loading=\"eager\"><\/span><span class=\"fg-image-overlay\"><\/span><\/a><figcaption class=\"fg-caption\"><div class=\"fg-caption-inner\"><div class=\"fg-caption-title\">Zentralstellwerk in Augsburg Hbf<\/div><\/div><\/figcaption><\/figure><div class=\"fg-loader\"><\/div><\/div><div class=\"fg-item fg-type-image fg-idle\"><figure class=\"fg-item-inner\"><a href=\"https:\/\/blog.zusi-team-sued.de\/wp-content\/uploads\/2021\/01\/hbf1.jpg\" data-caption-title=\"Augsburg Bahnhofsgeb\u00e4ude\" data-attachment-id=\"1381\" data-type=\"image\" class=\"fg-thumb\"><span class=\"fg-image-wrap\"><img decoding=\"async\" title=\"Augsburg Bahnhofsgeb\u00e4ude\" width=\"100\" height=\"100\" class=\"skip-lazy fg-image\" data-src-fg=\"https:\/\/blog.zusi-team-sued.de\/wp-content\/uploads\/cache\/2021\/01\/hbf1\/1237560785.jpg\" data-srcset-fg=\"https:\/\/blog.zusi-team-sued.de\/wp-content\/uploads\/cache\/2021\/01\/hbf1\/3738591305.jpg 2x\" src=\"data:image\/svg+xml,%3Csvg%20xmlns%3D%22http%3A%2F%2Fwww.w3.org%2F2000%2Fsvg%22%20width%3D%22100%22%20height%3D%22100%22%20viewBox%3D%220%200%20100%20100%22%3E%3C%2Fsvg%3E\" loading=\"eager\"><\/span><span class=\"fg-image-overlay\"><\/span><\/a><figcaption class=\"fg-caption\"><div class=\"fg-caption-inner\"><div class=\"fg-caption-title\">Augsburg Bahnhofsgeb\u00e4ude<\/div><\/div><\/figcaption><\/figure><div class=\"fg-loader\"><\/div><\/div><div class=\"fg-item fg-type-image fg-idle\"><figure class=\"fg-item-inner\"><a href=\"https:\/\/blog.zusi-team-sued.de\/wp-content\/uploads\/2021\/01\/hbf3.jpg\" data-caption-title=\"Augsburg Rangiererhaus S\u00fcd\" data-attachment-id=\"1382\" data-type=\"image\" class=\"fg-thumb\"><span class=\"fg-image-wrap\"><img decoding=\"async\" title=\"Augsburg Rangiererhaus S\u00fcd\" width=\"100\" height=\"100\" class=\"skip-lazy fg-image\" data-src-fg=\"https:\/\/blog.zusi-team-sued.de\/wp-content\/uploads\/cache\/2021\/01\/hbf3\/3468310882.jpg\" data-srcset-fg=\"https:\/\/blog.zusi-team-sued.de\/wp-content\/uploads\/cache\/2021\/01\/hbf3\/1504703738.jpg 2x\" src=\"data:image\/svg+xml,%3Csvg%20xmlns%3D%22http%3A%2F%2Fwww.w3.org%2F2000%2Fsvg%22%20width%3D%22100%22%20height%3D%22100%22%20viewBox%3D%220%200%20100%20100%22%3E%3C%2Fsvg%3E\" loading=\"eager\"><\/span><span class=\"fg-image-overlay\"><\/span><\/a><figcaption class=\"fg-caption\"><div class=\"fg-caption-inner\"><div class=\"fg-caption-title\">Augsburg Rangiererhaus S\u00fcd<\/div><\/div><\/figcaption><\/figure><div class=\"fg-loader\"><\/div><\/div><div class=\"fg-item fg-type-image fg-idle\"><figure class=\"fg-item-inner\"><a href=\"https:\/\/blog.zusi-team-sued.de\/wp-content\/uploads\/2021\/01\/hbf4.jpg\" data-caption-title=\"Augsburg Rangiererbude\" data-attachment-id=\"1383\" data-type=\"image\" class=\"fg-thumb\"><span class=\"fg-image-wrap\"><img decoding=\"async\" title=\"Augsburg Rangiererbude\" width=\"100\" height=\"100\" class=\"skip-lazy fg-image\" data-src-fg=\"https:\/\/blog.zusi-team-sued.de\/wp-content\/uploads\/cache\/2021\/01\/hbf4\/832290046.jpg\" data-srcset-fg=\"https:\/\/blog.zusi-team-sued.de\/wp-content\/uploads\/cache\/2021\/01\/hbf4\/2794352998.jpg 2x\" src=\"data:image\/svg+xml,%3Csvg%20xmlns%3D%22http%3A%2F%2Fwww.w3.org%2F2000%2Fsvg%22%20width%3D%22100%22%20height%3D%22100%22%20viewBox%3D%220%200%20100%20100%22%3E%3C%2Fsvg%3E\" loading=\"eager\"><\/span><span class=\"fg-image-overlay\"><\/span><\/a><figcaption class=\"fg-caption\"><div class=\"fg-caption-inner\"><div class=\"fg-caption-title\">Augsburg Rangiererbude<\/div><\/div><\/figcaption><\/figure><div class=\"fg-loader\"><\/div><\/div><div class=\"fg-item fg-type-image fg-idle\"><figure class=\"fg-item-inner\"><a href=\"https:\/\/blog.zusi-team-sued.de\/wp-content\/uploads\/2019\/10\/hbf2.jpg\" data-caption-title=\"Augsburg Bahnhofsgeb\u00e4ude und Zentralstellwerk\" data-attachment-id=\"1368\" data-type=\"image\" class=\"fg-thumb\"><span class=\"fg-image-wrap\"><img decoding=\"async\" title=\"Augsburg Bahnhofsgeb\u00e4ude und Zentralstellwerk\" width=\"100\" height=\"100\" class=\"skip-lazy fg-image\" data-src-fg=\"https:\/\/blog.zusi-team-sued.de\/wp-content\/uploads\/cache\/2019\/10\/hbf2\/1517374837.jpg\" data-srcset-fg=\"https:\/\/blog.zusi-team-sued.de\/wp-content\/uploads\/cache\/2019\/10\/hbf2\/3445915885.jpg 2x\" src=\"data:image\/svg+xml,%3Csvg%20xmlns%3D%22http%3A%2F%2Fwww.w3.org%2F2000%2Fsvg%22%20width%3D%22100%22%20height%3D%22100%22%20viewBox%3D%220%200%20100%20100%22%3E%3C%2Fsvg%3E\" loading=\"eager\"><\/span><span class=\"fg-image-overlay\"><\/span><\/a><figcaption class=\"fg-caption\"><div class=\"fg-caption-inner\"><div class=\"fg-caption-title\">Augsburg Bahnhofsgeb\u00e4ude und Zentralstellwerk<\/div><\/div><\/figcaption><\/figure><div class=\"fg-loader\"><\/div><\/div><div class=\"fg-item fg-type-image fg-idle\"><figure class=\"fg-item-inner\"><a href=\"https:\/\/blog.zusi-team-sued.de\/wp-content\/uploads\/2021\/01\/baeumenheim2.jpg\" data-caption-title=\"Ehem. Empfangsgeb\u00e4ude Hamlar\" data-attachment-id=\"1363\" data-type=\"image\" class=\"fg-thumb\"><span class=\"fg-image-wrap\"><img decoding=\"async\" title=\"Ehem. Empfangsgeb\u00e4ude Hamlar\" width=\"100\" height=\"100\" class=\"skip-lazy fg-image\" data-src-fg=\"https:\/\/blog.zusi-team-sued.de\/wp-content\/uploads\/cache\/2021\/01\/baeumenheim2\/3948414502.jpg\" data-srcset-fg=\"https:\/\/blog.zusi-team-sued.de\/wp-content\/uploads\/cache\/2021\/01\/baeumenheim2\/2328510209.jpg 2x\" src=\"data:image\/svg+xml,%3Csvg%20xmlns%3D%22http%3A%2F%2Fwww.w3.org%2F2000%2Fsvg%22%20width%3D%22100%22%20height%3D%22100%22%20viewBox%3D%220%200%20100%20100%22%3E%3C%2Fsvg%3E\" loading=\"eager\"><\/span><span class=\"fg-image-overlay\"><\/span><\/a><figcaption class=\"fg-caption\"><div class=\"fg-caption-inner\"><div class=\"fg-caption-title\">Ehem. Empfangsgeb\u00e4ude Hamlar<\/div><\/div><\/figcaption><\/figure><div class=\"fg-loader\"><\/div><\/div><div class=\"fg-item fg-type-image fg-idle\"><figure class=\"fg-item-inner\"><a href=\"https:\/\/blog.zusi-team-sued.de\/wp-content\/uploads\/2019\/12\/MAOB_EG2.png\" data-caption-title=\"Empfangsgeb\u00e4ude Augsburg-Oberhausen\" data-attachment-id=\"1060\" data-type=\"image\" class=\"fg-thumb\"><span class=\"fg-image-wrap\"><img decoding=\"async\" title=\"Empfangsgeb\u00e4ude Augsburg-Oberhausen\" width=\"100\" height=\"100\" class=\"skip-lazy fg-image\" data-src-fg=\"https:\/\/blog.zusi-team-sued.de\/wp-content\/uploads\/cache\/2019\/12\/MAOB_EG2\/3703593491.png\" data-srcset-fg=\"https:\/\/blog.zusi-team-sued.de\/wp-content\/uploads\/cache\/2019\/12\/MAOB_EG2\/1688041144.png 2x\" src=\"data:image\/svg+xml,%3Csvg%20xmlns%3D%22http%3A%2F%2Fwww.w3.org%2F2000%2Fsvg%22%20width%3D%22100%22%20height%3D%22100%22%20viewBox%3D%220%200%20100%20100%22%3E%3C%2Fsvg%3E\" loading=\"eager\"><\/span><span class=\"fg-image-overlay\"><\/span><\/a><figcaption class=\"fg-caption\"><div class=\"fg-caption-inner\"><div class=\"fg-caption-title\">Empfangsgeb\u00e4ude Augsburg-Oberhausen<\/div><\/div><\/figcaption><\/figure><div class=\"fg-loader\"><\/div><\/div><div class=\"fg-item fg-type-image fg-idle\"><figure class=\"fg-item-inner\"><a href=\"https:\/\/blog.zusi-team-sued.de\/wp-content\/uploads\/2018\/12\/hirblinger_str2.jpg\" data-caption-title=\"\u00dcberwerfungsbauwerk im Modul Hirblinger Stra\u00dfe\" data-attachment-id=\"876\" data-type=\"image\" class=\"fg-thumb\"><span class=\"fg-image-wrap\"><img decoding=\"async\" alt=\"Baustand 31.12.2018\" title=\"\u00dcberwerfungsbauwerk im Modul Hirblinger Stra\u00dfe\" width=\"100\" height=\"100\" class=\"skip-lazy fg-image\" data-src-fg=\"https:\/\/blog.zusi-team-sued.de\/wp-content\/uploads\/cache\/2018\/12\/hirblinger_str2\/235181736.jpg\" data-srcset-fg=\"https:\/\/blog.zusi-team-sued.de\/wp-content\/uploads\/cache\/2018\/12\/hirblinger_str2\/2344930647.jpg 2x\" src=\"data:image\/svg+xml,%3Csvg%20xmlns%3D%22http%3A%2F%2Fwww.w3.org%2F2000%2Fsvg%22%20width%3D%22100%22%20height%3D%22100%22%20viewBox%3D%220%200%20100%20100%22%3E%3C%2Fsvg%3E\" loading=\"eager\"><\/span><span class=\"fg-image-overlay\"><\/span><\/a><figcaption class=\"fg-caption\"><div class=\"fg-caption-inner\"><div class=\"fg-caption-title\">\u00dcberwerfungsbauwerk im Modul Hirblinger Stra\u00dfe<\/div><\/div><\/figcaption><\/figure><div class=\"fg-loader\"><\/div><\/div><div class=\"fg-item fg-type-image fg-idle\"><figure class=\"fg-item-inner\"><a href=\"https:\/\/blog.zusi-team-sued.de\/wp-content\/uploads\/2018\/10\/2018kw40.jpg\" data-caption-title=\"Feuerwehr in Meitingen\" data-attachment-id=\"754\" data-type=\"image\" class=\"fg-thumb\"><span class=\"fg-image-wrap\"><img decoding=\"async\" title=\"Feuerwehr in Meitingen\" width=\"100\" height=\"100\" class=\"skip-lazy fg-image\" data-src-fg=\"https:\/\/blog.zusi-team-sued.de\/wp-content\/uploads\/cache\/2018\/10\/2018kw40\/484947406.jpg\" data-srcset-fg=\"https:\/\/blog.zusi-team-sued.de\/wp-content\/uploads\/cache\/2018\/10\/2018kw40\/4235071993.jpg 2x\" src=\"data:image\/svg+xml,%3Csvg%20xmlns%3D%22http%3A%2F%2Fwww.w3.org%2F2000%2Fsvg%22%20width%3D%22100%22%20height%3D%22100%22%20viewBox%3D%220%200%20100%20100%22%3E%3C%2Fsvg%3E\" loading=\"eager\"><\/span><span class=\"fg-image-overlay\"><\/span><\/a><figcaption class=\"fg-caption\"><div class=\"fg-caption-inner\"><div class=\"fg-caption-title\">Feuerwehr in Meitingen<\/div><\/div><\/figcaption><\/figure><div class=\"fg-loader\"><\/div><\/div><div class=\"fg-item fg-type-image fg-idle\"><figure class=\"fg-item-inner\"><a href=\"https:\/\/blog.zusi-team-sued.de\/wp-content\/uploads\/2017\/04\/dhl1.jpg\" data-caption-title=\"DHL Paketzentrum in Gersthofen\" data-attachment-id=\"46\" data-type=\"image\" class=\"fg-thumb\"><span class=\"fg-image-wrap\"><img decoding=\"async\" title=\"DHL Paketzentrum in Gersthofen\" width=\"100\" height=\"100\" class=\"skip-lazy fg-image\" data-src-fg=\"https:\/\/blog.zusi-team-sued.de\/wp-content\/uploads\/cache\/2017\/04\/dhl1\/2545612531.jpg\" data-srcset-fg=\"https:\/\/blog.zusi-team-sued.de\/wp-content\/uploads\/cache\/2017\/04\/dhl1\/1409436040.jpg 2x\" src=\"data:image\/svg+xml,%3Csvg%20xmlns%3D%22http%3A%2F%2Fwww.w3.org%2F2000%2Fsvg%22%20width%3D%22100%22%20height%3D%22100%22%20viewBox%3D%220%200%20100%20100%22%3E%3C%2Fsvg%3E\" loading=\"eager\"><\/span><span class=\"fg-image-overlay\"><\/span><\/a><figcaption class=\"fg-caption\"><div class=\"fg-caption-inner\"><div class=\"fg-caption-title\">DHL Paketzentrum in Gersthofen<\/div><\/div><\/figcaption><\/figure><div class=\"fg-loader\"><\/div><\/div><\/div>\n\n","protected":false},"excerpt":{"rendered":"<p>Was w\u00e4re Paris ohne den Eiffelturm, Berlin ohne das Brandenburger Tor, Augsburg ohne den Hotelturm? Eine Stadt wie jede andere! F\u00fcr einen realistisch wirkenden Simulatorstreckennachbau ist es deshalb unabdingbar alle &#8222;pr\u00e4genden&#8220; Geb\u00e4ude im Sichtfeld des Lokf\u00fchrers vorbildgetreu abzubilden. Ein guter Eindruck entsteht, wenn man das Vorbild im Nachbau sofort wieder erkennt. Objektbau ist wohl mit<\/p>\n<div class=\"read-more-wrapper\"><a class=\"read-more\" href=\"https:\/\/www.zusi-team-sued.de\/?page_id=152\" title=\"Read More\"> <span class=\"button default\">Read More<\/span><\/a><\/div>\n","protected":false},"author":3,"featured_media":0,"parent":26,"menu_order":0,"comment_status":"closed","ping_status":"closed","template":"","meta":{"footnotes":""},"class_list":["post-152","page","type-page","status-publish","hentry"],"_links":{"self":[{"href":"https:\/\/www.zusi-team-sued.de\/index.php?rest_route=\/wp\/v2\/pages\/152","targetHints":{"allow":["GET"]}}],"collection":[{"href":"https:\/\/www.zusi-team-sued.de\/index.php?rest_route=\/wp\/v2\/pages"}],"about":[{"href":"https:\/\/www.zusi-team-sued.de\/index.php?rest_route=\/wp\/v2\/types\/page"}],"author":[{"embeddable":true,"href":"https:\/\/www.zusi-team-sued.de\/index.php?rest_route=\/wp\/v2\/users\/3"}],"replies":[{"embeddable":true,"href":"https:\/\/www.zusi-team-sued.de\/index.php?rest_route=%2Fwp%2Fv2%2Fcomments&post=152"}],"version-history":[{"count":0,"href":"https:\/\/www.zusi-team-sued.de\/index.php?rest_route=\/wp\/v2\/pages\/152\/revisions"}],"up":[{"embeddable":true,"href":"https:\/\/www.zusi-team-sued.de\/index.php?rest_route=\/wp\/v2\/pages\/26"}],"wp:attachment":[{"href":"https:\/\/www.zusi-team-sued.de\/index.php?rest_route=%2Fwp%2Fv2%2Fmedia&parent=152"}],"curies":[{"name":"wp","href":"https:\/\/api.w.org\/{rel}","templated":true}]}}