{"id":1303,"date":"2021-01-10T22:54:34","date_gmt":"2021-01-10T21:54:34","guid":{"rendered":"https:\/\/www.zusi-team-sued.de\/?page_id=1303"},"modified":"2022-03-10T09:45:11","modified_gmt":"2022-03-10T08:45:11","slug":"neue-ziele","status":"publish","type":"page","link":"https:\/\/www.zusi-team-sued.de\/?page_id=1303","title":{"rendered":"Neue Ziele"},"content":{"rendered":"<h3 style=\"text-align: center;\">Wie geht es weiter &#8211; eine Vision<\/h3>\n<p>Nachdem wir in unserem Hauptprojekt Augsburg-Donauw\u00f6rth so langsam alle Module beieinander haben, ist es an der Zeit sich \u00fcber neue Ziele erste Gedanken zu machen. Das war auch auf unserem letzten Teamtreffen im Januar 2021 ein Thema.<\/p>\n<p><img loading=\"lazy\" decoding=\"async\" class=\"aligncenter size-large wp-image-20\" src=\"https:\/\/blog.zusi-team-sued.de\/wp-content\/uploads\/2017\/04\/P1110995-1024x768.jpg\" alt=\"\" width=\"1024\" height=\"768\" srcset=\"https:\/\/blog.zusi-team-sued.de\/wp-content\/uploads\/2017\/04\/P1110995-1024x768.jpg 1024w, https:\/\/blog.zusi-team-sued.de\/wp-content\/uploads\/2017\/04\/P1110995-300x225.jpg 300w, https:\/\/blog.zusi-team-sued.de\/wp-content\/uploads\/2017\/04\/P1110995-768x576.jpg 768w, https:\/\/blog.zusi-team-sued.de\/wp-content\/uploads\/2017\/04\/P1110995-945x709.jpg 945w, https:\/\/blog.zusi-team-sued.de\/wp-content\/uploads\/2017\/04\/P1110995-600x450.jpg 600w\" sizes=\"auto, (max-width: 1024px) 100vw, 1024px\" \/><\/p>\n<p>\u00dcber welche realistischen Entwicklungsm\u00f6glichkeiten reden wir also?<\/p>\n<p>Fangen wir mit dem s\u00fcdlichen Ende unserer Strecke an. Hier kann es einmal in Richtung M\u00fcnchen weitergehen. Mit dem n\u00e4chsten Modul h\u00e4tten wir dann auch auf der Paartalbahn Richtung Ingolstadt eine Entwicklungsoption. An Augsburg-S\u00fcd l\u00e4sst sich zudem ein weiteres Modul Richtung Buchloe\/Kempten (Bayerische Allg\u00e4ubahn) anbauen. Dieses Modul w\u00fcrde den kompletten Bahnbetriebsteil des Knotens Augsburg beinhalten.<\/p>\n<p>Bewegen wir uns weiter in Richtung Norden, k\u00f6nnten wir in Au-Hirblinger Stra\u00dfe im Streckenast Richtung Ulm ein weiteres Modul anh\u00e4ngen, um hier ein wenig mehr Fahrstrecke zu erreichen. Die n\u00e4chste M\u00f6glichkeit ergibt sich im Modul Mertingen Bf. An dieser Stelle zweigt die exKBS 911 nach Wertingen ab. Bis nach Wertingen sind es zwei \u00fcberwiegend landschaftlich gepr\u00e4gte Module an der eingleisigen, nicht elektrifizierten Nebenbahn. Die Bahnanlagen wurden in 80er Jahren komplett abgebaut, der Streckenverlauf ist aber noch gut sichtbar und uns liegt eine F\u00fchrerstandsmitfahrt einer Sonderfahrt kurz vor der Stilllegung vor. Kurz vor Donauw\u00f6rth k\u00f6nnte der schon bestehende Zweig der Donautalbahn nach Ingolstadt um ein weiteres Modul verl\u00e4ngert werden.<\/p>\n<p>In Donauw\u00f6rth gibt es wieder eine ganze F\u00fclle von Erweiterungsm\u00f6glichkeiten in Richtung N\u00fcrnberg und G\u00fcnzburg. Nicht zu vergessen die Riesbahn Richtung N\u00f6rdlingen, hier haben bereits vier Module ein Gleisbett und sind fahrbar.<\/p>\n<p>Wie gesagt, alles vage Gedankenspiele &#8211; was wann kommen wird, wird sich zeigen. Wir sind selbst gespannt.<\/p>\n<p>Hier noch mal alle potentiellen Erweiterungsmodule unserer Strecke von S\u00fcden nach Norden:<\/p>\n<div id=\"attachment_145\" style=\"width: 386px\" class=\"wp-caption alignright\"><a href=\"https:\/\/blog.zusi-team-sued.de\/wp-content\/uploads\/2016\/05\/karte.jpg\"><img loading=\"lazy\" decoding=\"async\" aria-describedby=\"caption-attachment-145\" class=\"wp-image-145\" src=\"https:\/\/blog.zusi-team-sued.de\/wp-content\/uploads\/2016\/05\/karte.jpg\" alt=\"\" width=\"376\" height=\"392\" srcset=\"https:\/\/blog.zusi-team-sued.de\/wp-content\/uploads\/2016\/05\/karte.jpg 832w, https:\/\/blog.zusi-team-sued.de\/wp-content\/uploads\/2016\/05\/karte-288x300.jpg 288w, https:\/\/blog.zusi-team-sued.de\/wp-content\/uploads\/2016\/05\/karte-768x800.jpg 768w, https:\/\/blog.zusi-team-sued.de\/wp-content\/uploads\/2016\/05\/karte-600x625.jpg 600w\" sizes=\"auto, (max-width: 376px) 100vw, 376px\" \/><\/a><p id=\"caption-attachment-145\" class=\"wp-caption-text\">Quelle: Amtliches Kursbuch Nordbayern Winter 1978\/79.<\/p><\/div>\n<ul>\n<li>Augsburg-Hochzoll<\/li>\n<li>Augsburg-Messe<\/li>\n<li><strong>Neus\u00e4\u00df ( in Bau )<\/strong><\/li>\n<li>Lauterbach bei Mertingen<\/li>\n<li>Wertingen<\/li>\n<li>Rain<\/li>\n<li>Tapfheim<\/li>\n<li>M\u00fcndling<\/li>\n<li>W\u00f6rnitzstein ( in Bau: Fahrleitung komplett, Strecke befahrbar )<\/li>\n<li>Harburg ( in Bau: Fahrleitung komplett, Strecke befahrbar )<\/li>\n<li>Hoppingen ( in Bau: Fahrleitung komplett, Strecke befahrbar )<\/li>\n<li>M\u00f6ttingen ( in Bau: Fahrleitung komplett, Strecke befahrbar )<\/li>\n<\/ul>\n<p>&nbsp;<\/p>\n<h6><\/h6>\n<h6>Stand: 02\/2022<\/h6>\n","protected":false},"excerpt":{"rendered":"<p>Wie geht es weiter &#8211; eine Vision Nachdem wir in unserem Hauptprojekt Augsburg-Donauw\u00f6rth so langsam alle Module beieinander haben, ist es an der Zeit sich \u00fcber neue Ziele erste Gedanken zu machen. Das war auch auf unserem letzten Teamtreffen im Januar 2021 ein Thema. \u00dcber welche realistischen Entwicklungsm\u00f6glichkeiten reden wir also? Fangen wir mit dem<\/p>\n<div class=\"read-more-wrapper\"><a class=\"read-more\" href=\"https:\/\/www.zusi-team-sued.de\/?page_id=1303\" title=\"Read More\"> <span class=\"button default\">Read More<\/span><\/a><\/div>\n","protected":false},"author":8,"featured_media":0,"parent":0,"menu_order":0,"comment_status":"closed","ping_status":"closed","template":"","meta":{"footnotes":""},"class_list":["post-1303","page","type-page","status-publish","hentry"],"_links":{"self":[{"href":"https:\/\/www.zusi-team-sued.de\/index.php?rest_route=\/wp\/v2\/pages\/1303","targetHints":{"allow":["GET"]}}],"collection":[{"href":"https:\/\/www.zusi-team-sued.de\/index.php?rest_route=\/wp\/v2\/pages"}],"about":[{"href":"https:\/\/www.zusi-team-sued.de\/index.php?rest_route=\/wp\/v2\/types\/page"}],"author":[{"embeddable":true,"href":"https:\/\/www.zusi-team-sued.de\/index.php?rest_route=\/wp\/v2\/users\/8"}],"replies":[{"embeddable":true,"href":"https:\/\/www.zusi-team-sued.de\/index.php?rest_route=%2Fwp%2Fv2%2Fcomments&post=1303"}],"version-history":[{"count":2,"href":"https:\/\/www.zusi-team-sued.de\/index.php?rest_route=\/wp\/v2\/pages\/1303\/revisions"}],"predecessor-version":[{"id":1461,"href":"https:\/\/www.zusi-team-sued.de\/index.php?rest_route=\/wp\/v2\/pages\/1303\/revisions\/1461"}],"wp:attachment":[{"href":"https:\/\/www.zusi-team-sued.de\/index.php?rest_route=%2Fwp%2Fv2%2Fmedia&parent=1303"}],"curies":[{"name":"wp","href":"https:\/\/api.w.org\/{rel}","templated":true}]}}