{"id":121,"date":"2017-04-17T15:28:07","date_gmt":"2017-04-17T13:28:07","guid":{"rendered":"http:\/\/blog.zusi-team-sued.de\/?page_id=121"},"modified":"2021-01-09T22:04:10","modified_gmt":"2021-01-09T21:04:10","slug":"mitmachen","status":"publish","type":"page","link":"https:\/\/www.zusi-team-sued.de\/?page_id=121","title":{"rendered":"Mithelfen\/Anregungen"},"content":{"rendered":"<p>Du bist auch am Basteln rund um Zusi interessiert? Du willst und etwas mitteilen? Dann bist du hier genau richtig!<\/p>\n<p>Da der vorbildorientierte Bau einer Zusi-Strecke sehr aufw\u00e4ndig und vielf\u00e4ltig ist dr\u00e4ngt es sich gerade zu auf, so ein Projekt als ein Team anzugehen. Das hat gleich mehrere Vorteile: Es geht schneller vorw\u00e4rts, man kann sich gegenseitig helfen und idealerweise erg\u00e4nzen sich die St\u00e4rken der Teammitglieder. So kann jeder bevorzugt die T\u00e4tigkeiten machen, die ihm eher &#8222;liegen&#8220;.<\/p>\n<p>Nat\u00fcrlich ben\u00f6tigt auch ein Team Koordination und Kompromisse. Objekte m\u00fcssen manchmal aufeinander abgestimmt sein. Man muss sich darauf einigen, wer bestimmte &#8222;Str\u00e4flingsarbeiten&#8220; \u00fcbernimmt. Man muss manchmal darauf warten bis jemand etwas fertig hat, um selber weiterbauen zu k\u00f6nnen. Unsere Erfahrungen sind bisher jedoch sehr positiv: Wir lernen voneinander, erfreuen uns an den Ergebnissen der anderen &#8211; manchmal ist es fast ein bisschen wie Weihnachten, wenn man die Strecke \u00f6ffnet und entdeckt, dass ein Mitbastler ein neues Objekt oder Feature eingebaut hat! Um die Abstimmung im Team einfach und \u00fcbersichtlich zu bewerkstelligen haben wir verschiedene Kommunkations- und Organisationsmittel im Einsatz. Alle Daten liegen auf einem gemeinsamen <a href=\"https:\/\/tortoisesvn.net\/index.de.html\" target=\"_blank\" rel=\"noopener\">Sicherungsserver<\/a>, wir haben ein <a href=\"https:\/\/forum.zusi-team-sued.de\/\" target=\"_blank\" rel=\"noopener\">internes Forum<\/a>, k\u00f6nnen \u00fcber <a href=\"https:\/\/www.teamspeak.de\/\" target=\"_blank\" rel=\"noopener\">TeamSpeak<\/a> miteinander sprechen oder per <a href=\"https:\/\/anydesk.de\/remote-desktop\" target=\"_blank\" rel=\"noopener\">AnyDesk<\/a> uns gegenseitig helfen.<\/p>\n<p><strong>Was du mitbringen solltest<\/strong>, wenn du bei unserem Projekt mitmachen willst:<\/p>\n<ul>\n<li>Lust f\u00fcr Zusi zu basteln &#8211; entweder als einmaliges Projekt oder dauerhaft!<\/li>\n<li>Bereitschaft auf ein gemeinsames Ziel hinzuarbeiten!<\/li>\n<li>Bereitschaft zu lernen und gr\u00fcndlich zu arbeiten. (Wir helfen gerne, wenn wir merken, dass sich jemand bem\u00fcht!)<\/li>\n<li>Bereitschaft, angefangenes in vern\u00fcftiger Zeit fertig zu bringen. (Insbesondere, wenn andere Deine Ergebnisse zum weiterbasteln brauchen).<\/li>\n<li>Bereitschaft, nicht alleine im Vordergrund zu stehen. (Manche T\u00e4tigkeit im Team ist zwar f\u00fcr das Projekt unbedingt notwendig aber im Endergebnis nur sehr bedingt zu sehen).<\/li>\n<\/ul>\n<p>Was absolut <strong>keine<\/strong> <strong>Voraussetzung<\/strong> ist:<\/p>\n<ul>\n<li>Dass Du schon alle Zusi-Techniken beherrschst! (Auch wir haben bei mehr oder weniger Null angefangen und m\u00fcssen noch vieles lernen!)<\/li>\n<li>Dass Du in der N\u00e4he unserer Strecke wohnst! (Wir haben schon jetzt mehrere Bastler von weiter weg, vieles l\u00e4sst sich \u00fcber Fotos und Luftbilder kl\u00e4ren!)<\/li>\n<li>Dass Du dich detailliert mit Bahntechnik auskennst! (Es gibt gen\u00fcgend wichtige und interessante Aufgaben, f\u00fcr die kein Spezial-Know-How notwendig ist!)<\/li>\n<li>Dass Du ein Virtuose im 3D-Modellbau bist! (3D-Modellbau ist zwar sehr wichtig und die zeitintensivste Aufgabe an so einem Projekt &#8211; es gibt aber auch gen\u00fcgend andere Aufgaben!)<\/li>\n<li>Dass Du jeden Tag Zeit f\u00fcr das Projekt hast! (Bei uns gilt die Maxime: Jeder macht so viel er will und wann er kann; Und soweit es irgendwie geht auch was er will!)<\/li>\n<\/ul>\n<p>Haben wir Dein Interesse geweckt? Oder hast du noch Fragen? Willst du uns etwas mitteilen? Dann nutze bitte unser Kontaktformular:<\/p>\n\n<div class=\"wpcf7 no-js\" id=\"wpcf7-f95-o1\" lang=\"de-DE\" dir=\"ltr\" data-wpcf7-id=\"95\">\n<div class=\"screen-reader-response\"><p role=\"status\" aria-live=\"polite\" aria-atomic=\"true\"><\/p> <ul><\/ul><\/div>\n<form action=\"\/index.php?rest_route=%2Fwp%2Fv2%2Fpages%2F121#wpcf7-f95-o1\" method=\"post\" class=\"wpcf7-form init\" aria-label=\"Kontaktformular\" novalidate=\"novalidate\" data-status=\"init\">\n<fieldset class=\"hidden-fields-container\"><input type=\"hidden\" name=\"_wpcf7\" value=\"95\" \/><input type=\"hidden\" name=\"_wpcf7_version\" value=\"6.1.5\" \/><input type=\"hidden\" name=\"_wpcf7_locale\" value=\"de_DE\" \/><input type=\"hidden\" name=\"_wpcf7_unit_tag\" value=\"wpcf7-f95-o1\" \/><input type=\"hidden\" name=\"_wpcf7_container_post\" value=\"0\" \/><input type=\"hidden\" name=\"_wpcf7_posted_data_hash\" value=\"\" \/><input type=\"hidden\" name=\"_wpcf7_recaptcha_response\" value=\"\" \/>\n<\/fieldset>\n<p><label> Ihr Name (Pflichtfeld)<br \/>\n<span class=\"wpcf7-form-control-wrap\" data-name=\"your-name\"><input size=\"40\" maxlength=\"400\" class=\"wpcf7-form-control wpcf7-text wpcf7-validates-as-required\" aria-required=\"true\" aria-invalid=\"false\" value=\"\" type=\"text\" name=\"your-name\" \/><\/span> <\/label>\n<\/p>\n<p><label> Ihre E-Mail-Adresse (Pflichtfeld)<br \/>\n<span class=\"wpcf7-form-control-wrap\" data-name=\"your-email\"><input size=\"40\" maxlength=\"400\" class=\"wpcf7-form-control wpcf7-email wpcf7-validates-as-required wpcf7-text wpcf7-validates-as-email\" aria-required=\"true\" aria-invalid=\"false\" value=\"\" type=\"email\" name=\"your-email\" \/><\/span> <\/label>\n<\/p>\n<p><label> Betreff<br \/>\n<span class=\"wpcf7-form-control-wrap\" data-name=\"your-subject\"><input size=\"40\" maxlength=\"400\" class=\"wpcf7-form-control wpcf7-text\" aria-invalid=\"false\" value=\"\" type=\"text\" name=\"your-subject\" \/><\/span> <\/label>\n<\/p>\n<p><label> Ihre Nachricht<br \/>\n<span class=\"wpcf7-form-control-wrap\" data-name=\"your-message\"><textarea cols=\"40\" rows=\"10\" maxlength=\"2000\" class=\"wpcf7-form-control wpcf7-textarea\" aria-invalid=\"false\" name=\"your-message\"><\/textarea><\/span> <\/label>\n<\/p>\n\n<p><input class=\"wpcf7-form-control wpcf7-submit has-spinner\" type=\"submit\" value=\"Senden\" \/>\n<\/p><p style=\"display: none !important;\" class=\"akismet-fields-container\" data-prefix=\"_wpcf7_ak_\"><label>&#916;<textarea name=\"_wpcf7_ak_hp_textarea\" cols=\"45\" rows=\"8\" maxlength=\"100\"><\/textarea><\/label><input type=\"hidden\" id=\"ak_js_1\" name=\"_wpcf7_ak_js\" value=\"139\"\/><script>document.getElementById( \"ak_js_1\" ).setAttribute( \"value\", ( new Date() ).getTime() );<\/script><\/p><div class=\"wpcf7-response-output\" aria-hidden=\"true\"><\/div>\n<\/form>\n<\/div>\n\n<p>&nbsp;<\/p>\n","protected":false},"excerpt":{"rendered":"<p>Du bist auch am Basteln rund um Zusi interessiert? Du willst und etwas mitteilen? Dann bist du hier genau richtig! Da der vorbildorientierte Bau einer Zusi-Strecke sehr aufw\u00e4ndig und vielf\u00e4ltig ist dr\u00e4ngt es sich gerade zu auf, so ein Projekt als ein Team anzugehen. Das hat gleich mehrere Vorteile: Es geht schneller vorw\u00e4rts, man kann<\/p>\n<div class=\"read-more-wrapper\"><a class=\"read-more\" href=\"https:\/\/www.zusi-team-sued.de\/?page_id=121\" title=\"Read More\"> <span class=\"button default\">Read More<\/span><\/a><\/div>\n","protected":false},"author":3,"featured_media":721,"parent":0,"menu_order":1,"comment_status":"closed","ping_status":"closed","template":"","meta":{"footnotes":""},"class_list":["post-121","page","type-page","status-publish","has-post-thumbnail","hentry"],"_links":{"self":[{"href":"https:\/\/www.zusi-team-sued.de\/index.php?rest_route=\/wp\/v2\/pages\/121","targetHints":{"allow":["GET"]}}],"collection":[{"href":"https:\/\/www.zusi-team-sued.de\/index.php?rest_route=\/wp\/v2\/pages"}],"about":[{"href":"https:\/\/www.zusi-team-sued.de\/index.php?rest_route=\/wp\/v2\/types\/page"}],"author":[{"embeddable":true,"href":"https:\/\/www.zusi-team-sued.de\/index.php?rest_route=\/wp\/v2\/users\/3"}],"replies":[{"embeddable":true,"href":"https:\/\/www.zusi-team-sued.de\/index.php?rest_route=%2Fwp%2Fv2%2Fcomments&post=121"}],"version-history":[{"count":0,"href":"https:\/\/www.zusi-team-sued.de\/index.php?rest_route=\/wp\/v2\/pages\/121\/revisions"}],"wp:featuredmedia":[{"embeddable":true,"href":"https:\/\/www.zusi-team-sued.de\/index.php?rest_route=\/wp\/v2\/media\/721"}],"wp:attachment":[{"href":"https:\/\/www.zusi-team-sued.de\/index.php?rest_route=%2Fwp%2Fv2%2Fmedia&parent=121"}],"curies":[{"name":"wp","href":"https:\/\/api.w.org\/{rel}","templated":true}]}}